{"id":30688,"date":"2025-12-08T15:50:06","date_gmt":"2025-12-08T21:50:06","guid":{"rendered":"https:\/\/activewellnessgear.shop\/?product=comp-cb"},"modified":"2025-12-08T15:50:06","modified_gmt":"2025-12-08T21:50:06","slug":"comp-cb","status":"publish","type":"product","link":"https:\/\/activewellnessgear.shop\/?product=comp-cb","title":{"rendered":"comp-cb"},"content":{"rendered":"<p style=\"text-align:center\"><img decoding=\"async\" class=\"product_thumb\"  src=\"https:\/\/www.cbtrends.com\/images\/vendor-pages\/neurotest-x400-thumb.jpg\" \/><\/p>\n<p>\n<strong>Product Name:<\/strong> comp-cb\n<\/p>\n\n<p style=\"text-align: center; font-size: 150%;\"><strong><a href=\"https:\/\/a327e1sku3jz0l47pty86d4n0t.hop.clickbank.net\">Click here to get comp-cb at discounted price while it&#8217;s still available&#8230;<\/a><\/strong><\/p>\n<p style=\"text-align: center; \">\n<a href=\"https:\/\/a327e1sku3jz0l47pty86d4n0t.hop.clickbank.net\"><img decoding=\"async\" style=\"display:inline\" src=\"https:\/\/activewellnessgear.shop\/wp-content\/uploads\/2025\/12\/1765230605_323_order_now.jpeg\"><\/a><\/p>\n<p style=\"text-align: center; \">\n<em>All orders are protected by SSL encryption \u2013 the highest industry standard for online security from trusted vendors.<br \/>\n<img data-src=\"https:\/\/activewellnessgear.shop\/wp-content\/uploads\/2025\/12\/1765230606_398_money_back_gurantee.png\"><br \/>\ncomp-cb is backed with a 60 Day No Questions Asked Money Back Guarantee. If within the first 60 days of receipt you are not satisfied with Wake Up Lean\u2122, you can request a refund by sending an email to the address given inside the product and we will immediately refund your entire purchase price, with no questions asked.<\/em><\/p>\n<p><!--more--><\/p>\n<p>\n<strong>Description:<\/strong> <\/p>\n<p>LJ100 \u00aePatented extract of Eurycoma Longifolia<\/p>\n<p>Krachaidum Kaempferia Parviflora extract<\/p>\n<p>Withania Somnifera Extract 2.5% Withanolides<\/p>\n<p>Mucuna Pruriens ExtractStandardized 15% L-Dopa<\/p>\n<p>Mouth Watering, Manhood Enhancing Meals<\/p>\n<p>*This is a digital download<\/p>\n<p>Man-friendly meals and snacks to help you burn belly fat, fuel healthy hormone levels, and build a lean, strong body.<\/p>\n<p>Quick and easy recipes to burn fat and build muscle.<\/p>\n<p>*This is a digital download<\/p>\n<p>Muscle-building, fat-blasting, follow-along workout routines you can do in the comfort of your own home\u2026 In as little as 10 minutes!<\/p>\n<p>The Ageless T Accelerator<\/p>\n<p>*This is a digital download<\/p>\n<p>Simple and easy ways accelerate your progress and support higher hormone levels than you ever thought possible!<\/p>\n<p>3 And 6 Bottle US-based Orders Come\u00a0With FREE Shipping Too!<\/p>\n<p>*96% Of Customers Order 6 Bottles (Our Recommended Option)<\/p>\n<p>NeuroTest is based on scientific evidence that you\u2019ve seen with your own eyes.<\/p>\n<p>It\u2019s formulated with the highest quality ingredients that are designed to nourish and support your hypothalamus.<\/p>\n<p>Your hypothalamus is responsible for signaling testosterone production in your body.<\/p>\n<p>So it\u2019s quite simple, when you can properly signal production of T, you support healthy levels even if you\u2019re past your physical prime.<\/p>\n<p>Now, NeuroTest works for almost everyone, but as you know, nothing works for 100% of people. And that\u2019s why we provide you with a rock-solid satisfaction guarantee.<\/p>\n<p>From the moment you order, NeuroTest is fully guaranteed for a full 60 days or you get every cent of your purchase price back.<\/p>\n<p>That means if you change your mind, decide it\u2019s not for you or if you aren\u2019t anything but completely satisfied by the results you see, even if you\u2019ve used up your order, just contact us through the website and send us any unused bottles back.<\/p>\n<p>We\u2019ll make sure you get a full refund.<\/p>\n<p>Just take 2 capsules on an empty stomach each morning. You\u2019ll begin to feel the positive benefits starting with your first dose in most cases. The powerful and proven ingredients are based on real science performed on real people.<\/p>\n<p>NeuroTest isn\u2019t a cheap \u201cdusted\u201d product. We\u2019ve spared no expense to create a product with real effective doses of each nutrient in every single serving.<\/p>\n<p>We always recommend consulting with your physician before taking any dietary supplement. What we can say, is that NeuroTest is\u00a0an all-natural formula\u00a0that contains only ingredients that are verified.<\/p>\n<p>It is manufactured here in the USA in an\u00a0FDA registered facility\u00a0that follows the\u00a0GMP\u00a0(good manufacturing practices) guidelines.<\/p>\n<p>The ingredients used are of the\u00a0highest possible standard\u00a0and tested for highest purity and potency.<\/p>\n<p>To enjoy the peak benefits of NeuroTest, it\u2019s best to continue taking it.<\/p>\n<p>Most people we personally know have been taking NeuroTest for years because quite simply, the tremendous increase in sex drive and added energy makes it an easy decision.<\/p>\n<p>And that\u2019s why we offer deep discounts on the 3 and 6 packs of NeuroTest because we want to make it as easy as possible for you to get the maximum benefits.<\/p>\n<p>If a 3 or 6 pack is out of your reach or you\u2019d prefer to start with a single bottle, we absolutely understand. That\u2019s why a single bottle starter option is here for you too.<\/p>\n<p>It\u2019s really hard to tell. The powerful and exotic ingredients are extremely hard to source. That\u2019s why you should act right now to secure your bottle of NeuroTest while you still can. Just click the button you see below to get started.<\/p>\n<p>1.Tsutsui K., Ubuka T, et al. Gonadotropin-inhibitory hormone (GnIH): Discovery, progress and prospect, General and Comparative Endocrinology. Volume 177, Issue 3, 1 July 2012, Pages 305-314<\/p>\n<p>2.Travison, T.G., Araujo, A.B., et al., A population-level decline in serum testosterone levels in American men. J Clin Endocrinol Metab. 2007 Jan;92(1):196-202. doi: 10.1210\/jc.2006-1375. Epub 2006 Oct 24.<\/p>\n<p>3.Leisegang K., Finelli R., et al. Eurycoma longifolia (Jack) Improves Serum Total Testosterone in Men: A Systematic Review and Meta-Analysis of Clinical Trials. Medicina (Kaunas). 2022 Aug; 58(8): 1047. Published online 2022 Aug 4. doi: 10.3390\/medicina58081047<\/p>\n<p>4.Simone Y. Loo, Laurent Azoulay, et al. Cardiovascular and Cerebrovascular Safety of Testosterone Replacement Therapy Among Aging Men with Low Testosterone Levels: A Cohort Study. The American Journal of Medicine, 2019; DOI: 10.1016\/j.amjmed.2019.03.022<\/p>\n<p>5.Mike Kocsis (Medically Review By Dr. George Touliatos), July 13, 2023, TRT is a lifetime commitment.<\/p>\n<p>6.Amir Shahreza Patel, Joon Yau Leong, et al. Testosterone Is a Contraceptive and Should Not Be Used in Men Who Desire Fertility. World J Mens Health. 2019 Jan; 37(1): 45\u201354. Published online 2018 Oct 10. doi: 10.5534\/wjmh.180036<\/p>\n<p>7.Abbas Kanani MRPharmS, 09 September 2022, What to do if Viagra is giving you a headache<\/p>\n<p>8.Sara Lindberg (Medically Reviewed By Matt Coward, MD, FACS), What Does It Mean When Viagra Is Not Working Anymore? October 29, 2020<\/p>\n<p>9.George N. Nassar; Stephen W. Leslie. Physiology, Testosterone. Treasure Island (FL): StatPearls Publishing; 2023 Jan.<\/p>\n<p>10.Cleveland Clinic, 02 September 2022, Low Testosterone &#8211; Symptoms And Causes<\/p>\n<p>11.Cleveland Clinic, 16 March 2022, Hypothalamus<\/p>\n<p>12.Bill Ganzel, The Ganzel Group Et Al., 2007, Shrinking Farm Numbers<\/p>\n<p>13.Donald R Davis, Melvin D Epp, Hugh D Riordan, Changes in USDA food composition data for 43 garden crops, 1950 to 1999. J Am Coll Nutr. 2004 Dec;23(6):669-82. doi: 10.1080\/07315724.2004.10719409<\/p>\n<p>14.Scientific American, 27 April 2011, Dirt Poor: Have Fruits and Vegetables Become Less Nutritious?<\/p>\n<p>15.Anne-Marie Berenice Mayer, Historical changes in the mineral content of fruits and vegetables. July 1997. British Food Journal 99(6):207-211 DOI:10.1108\/00070709710181540<\/p>\n<p>16.Thomas G Travison 1, Andre B Araujo, Amy B O&#8217;Donnell, Varant Kupelian, John B McKinlay, A population-level decline in serum testosterone levels in American men. J Clin Endocrinol Metab. 2007 Jan;92(1):196-202. doi: 10.1210\/jc.2006-1375. Epub 2006 Oct 24.<\/p>\n<p>17.Peter Celec, Daniela Ostatn\u00edkov\u00e1, J\u00falius Hodosy. On the effects of testosterone on brain behavioral functions. Front Neurosci. 2015; 9: 12. Published online 2015 Feb 17. doi: 10.3389\/fnins.2015.00012<\/p>\n<p>18.Shaheed Ur Rehman, Kevin Choe, and Hye Hyun Yoo*. Review on a Traditional Herbal Medicine, Eurycoma longifolia Jack (Tongkat Ali): Its Traditional Uses, Chemistry, Evidence-Based Pharmacology and Toxicology. Molecules. 2016 Mar; 21(3): 331. Published online 2016 Mar 10. doi: 10.3390\/molecules 21030331<\/p>\n<p>19.M I B M Tambi 1, M K Imran, R R Henkel. Standardized water-soluble extract of Eurycoma longifolia, Tongkat ali, as testosterone booster for managing men with late-onset hypogonadism? Andrologia. 2012 May;44 Suppl 1:226-30. doi: 10.1111\/j.1439-0272.2011.01168.x. Epub 2011 Jun 15.<\/p>\n<p>20.Mohd Ismail Bin Mohd Tambi and M. Kamarul Imran. Eurycoma longifolia Jack in managing idiopathic male infertility. Asian J Androl. 2010 May; 12(3): 376\u2013380. Published online 2010 Mar 29. doi: 10.1038\/aja.2010.7<\/p>\n<p>21.Anna Smith Haghighi (Medically Reviewed By Matt Coward, MD, FACS), What to know about estrogen in men. March 6, 2023<\/p>\n<p>22.Dalin Chen, Hongliang Li, Wen Li, Shuo Feng, and Dingsen Deng. Kaempferia parviflora and Its Methoxyflavones: Chemistry and Biological Activities. Evid Based Complement Alternat Med. 2018; 2018: 4057456. Published online 2018 Dec 16. doi: 10.1155\/2018\/4057456<\/p>\n<p>23.Kamla Kant Shukla 1, Abbas Ali Mahdi, Mohammad Kaleem Ahmad, Satya Narain Shankhwar, Singh Rajender, Shyam Pyari Jaiswar. Mucuna pruriens improves male fertility by its action on the hypothalamus-pituitary-gonadal axis. Fertil Steril. 2009 Dec;92(6):1934-40. doi: 10.1016\/j.fertnstert.2008.09.045. Epub 2008 Oct 29.<\/p>\n<p>24.Shukla KK, Mahdi AA, Ahmad MK, Shankhwar SN, Rajender S, Jaiswar SP Mucuna pruriens improves male fertility by its action on the hypothalamus-pituitary-gonadal axis. Fertil Steril.(2009 Dec)<\/p>\n<p>25.Lucia Raffaella Lampariello,1 Alessio Cortelazzo,2 Roberto Guerranti,2 Claudia Sticozzi,3 and Giuseppe Valacchi3,4,* The Magic Velvet Bean of Mucuna pruriens. J Tradit Complement Med. 2012 Oct-Dec; 2(4): 331\u2013339. doi: 10.1016\/s2225-4110(16)30119-5<\/p>\n<p>26.Prakash Seppan, et al. Therapeutic potential of Mucuna pruriens (Linn.) on ageing induced damage in dorsal nerve of the penis and its implication on erectile function: an experimental study using albino rats. The Aging Male Volume 23, 2020 &#8211; Issue 5: 15 Feb 2018<\/p>\n<p>27.Waluga Plaingam, Siriporn Sangsuthum, Wannee Angkhasirisap, and Tewin Tencomnaob. Kaempferia parviflora rhizome extract and Myristica fragrans volatile oil increase the levels of monoamine neurotransmitters and impact the proteomic profiles in the rat hippocampus: Mechanistic insights into their neuroprotective effects. J Tradit Complement Med. 2017 Oct; 7(4): 538\u2013552. Published online 2017 Jun 15. doi: 10.1016\/j.jtcme.2017.01.002<\/p>\n<p>28.K. Chandrasekhar, Jyoti Kapoor, and Sridhar Anishetty. A Prospective, Randomized Double-Blind, Placebo-Controlled Study of Safety and Efficacy of a High-Concentration Full-Spectrum Extract of Ashwagandha Root in Reducing Stress and Anxiety in Adults. Indian J Psychol Med. 2012 Jul-Sep; 34(3): 255\u2013262. doi: 10.4103\/0253-7176.106022<\/p>\n<p>29.Kaye K. Brownlee, Alex W. Moore, and Anthony C. Hackney. Relationship Between Circulating Cortisol and Testosterone: Influence of Physical Exercise. J Sports Sci Med. 2005 Mar; 4(1): 76\u201383. Published online 2005 Mar 1.<\/p>\n<p>30.Dnyanraj Choudhary, MD, Sauvik Bhattacharyya, MPharm, PhD, and Kedar Joshi, MD. Body Weight Management in Adults Under Chronic Stress Through Treatment With Ashwagandha Root Extract. J Evid Based Complementary Altern Med. 2017 Jan; 22(1): 96\u2013106. Published online 2016 Apr 6. doi: 10.1177\/2156587216641830<\/p>\n<p>31.Lopresti AL, Drummond PD, Smith SJ. A Randomized, Double-Blind, Placebo-Controlled, Crossover Study Examining the Hormonal and Vitality Effects of Ashwagandha (Withania somnifera) in Aging, Overweight Males . American Journal of Men\u2019s Health. 2019;13(2):155798831983598.<\/p>\n<p>Get Started | Privacy | Terms &#038; Conditions | Refund Policy | Product Support | Order Support<\/p>\n<p>Copyright \u00a9<br \/>\nvar year = new Date();document.write(year.getFullYear());<br \/>\nPrime 2.0 Nutrition.<\/p>\n<p>Please note that the information we provide is not intended to replace consultation with a qualified medical professional. We encourage you to inform your physician of changes you make to your lifestyle and discuss these with him or her. For questions or concerns about any medical conditions you may have, please contact your doctor.Statements on this website have not been evaluated by the Food and Drug Administration. Products are not intended to diagnose, treat, cure or prevent any disease. If you are pregnant, nursing, taking medication, or have a medical condition, consult your physician before using our products.The website\u2019s content and the product for sale is based upon the author\u2019s opinion and is provided solely on an \u201cAS IS\u201d and \u201cAS AVAILABLE\u201d basis. You should do your own research and confirm the information with other sources when searching for information regarding health issues and always review the information carefully with your professional health care provider before using any of the protocols presented on this website and\/or the product sold here.ClickBank is the retailer of products on this site. CLICKBANK\u00ae is a registered trademark of Click Sales, Inc., a Delaware corporation located at 1444 South Entertainment Ave, Suite 410, Boise, Idaho, 83709, USA and used by permission. ClickBank\u2019s role as retailer does not constitute an endorsement, approval or review of these products or any claim, statement or opinion used in promotion of these products. * For international shipping (outside of the United States), shipping fees will apply.<\/p>\n<\/p>\n\n<p style=\"text-align: center; font-size: 150%;\"><strong><a href=\"https:\/\/a327e1sku3jz0l47pty86d4n0t.hop.clickbank.net\">Click here to get comp-cb at discounted price while it&#8217;s still available&#8230;<\/a><\/strong><\/p>\n<p style=\"text-align: center; \">\n<a href=\"https:\/\/a327e1sku3jz0l47pty86d4n0t.hop.clickbank.net\"><img style=\"display:inline\" data-src=\"https:\/\/activewellnessgear.shop\/wp-content\/uploads\/2025\/12\/1765230605_323_order_now.jpeg\"><\/a><\/p>\n<p style=\"text-align: center; \">\n<em>All orders are protected by SSL encryption \u2013 the highest industry standard for online security from trusted vendors.<br \/>\n<img data-src=\"https:\/\/activewellnessgear.shop\/wp-content\/uploads\/2025\/12\/1765230606_398_money_back_gurantee.png\"><br \/>\ncomp-cb is backed with a 60 Day No Questions Asked Money Back Guarantee. If within the first 60 days of receipt you are not satisfied with Wake Up Lean\u2122, you can request a refund by sending an email to the address given inside the product and we will immediately refund your entire purchase price, with no questions asked.<\/em><\/p>\n","protected":false},"excerpt":{"rendered":"<p>Product Name: comp-cb Click here to get comp-cb at discounted price while it&#8217;s still available&#8230; All orders are protected by SSL encryption \u2013 the highest industry standard for online security from trusted vendors. comp-cb is backed with a 60 Day No Questions Asked Money Back Guarantee. If within the first 60 days of receipt you [&hellip;]<\/p>\n","protected":false},"featured_media":30689,"template":"","meta":{"_gspb_post_css":"","_zb_attr":""},"store":[],"product_brand":[],"product_cat":[277],"product_tag":[165],"class_list":{"0":"post-30688","1":"product","2":"type-product","3":"status-publish","4":"has-post-thumbnail","6":"product_cat-clickbank","7":"product_tag-health-fitness","9":"first","10":"instock","11":"shipping-taxable","12":"product-type-external"},"_links":{"self":[{"href":"https:\/\/activewellnessgear.shop\/index.php?rest_route=\/wp\/v2\/product\/30688","targetHints":{"allow":["GET"]}}],"collection":[{"href":"https:\/\/activewellnessgear.shop\/index.php?rest_route=\/wp\/v2\/product"}],"about":[{"href":"https:\/\/activewellnessgear.shop\/index.php?rest_route=\/wp\/v2\/types\/product"}],"wp:featuredmedia":[{"embeddable":true,"href":"https:\/\/activewellnessgear.shop\/index.php?rest_route=\/wp\/v2\/media\/30689"}],"wp:attachment":[{"href":"https:\/\/activewellnessgear.shop\/index.php?rest_route=%2Fwp%2Fv2%2Fmedia&parent=30688"}],"wp:term":[{"taxonomy":"store","embeddable":true,"href":"https:\/\/activewellnessgear.shop\/index.php?rest_route=%2Fwp%2Fv2%2Fstore&post=30688"},{"taxonomy":"product_brand","embeddable":true,"href":"https:\/\/activewellnessgear.shop\/index.php?rest_route=%2Fwp%2Fv2%2Fproduct_brand&post=30688"},{"taxonomy":"product_cat","embeddable":true,"href":"https:\/\/activewellnessgear.shop\/index.php?rest_route=%2Fwp%2Fv2%2Fproduct_cat&post=30688"},{"taxonomy":"product_tag","embeddable":true,"href":"https:\/\/activewellnessgear.shop\/index.php?rest_route=%2Fwp%2Fv2%2Fproduct_tag&post=30688"}],"curies":[{"name":"wp","href":"https:\/\/api.w.org\/{rel}","templated":true}]}}